{"id":4615,"date":"2025-08-29T17:51:26","date_gmt":"2025-08-29T15:51:26","guid":{"rendered":"https:\/\/vamosalaplaya.xyz\/?page_id=4615"},"modified":"2026-04-10T17:19:06","modified_gmt":"2026-04-10T15:19:06","slug":"condizioni-generali-di-vendita","status":"publish","type":"page","link":"https:\/\/vamosalaplaya.xyz\/it\/condizioni-generali-di-vendita\/","title":{"rendered":"CONDIZIONI GENERALI DI VENDITA"},"content":{"rendered":"\n<p><\/p>\n\n\n\n<div class=\"wp-block-stackable-columns stk-block-columns stk-block stk-b3e315e\" data-block-id=\"b3e315e\"><div class=\"stk-row stk-inner-blocks stk-block-content stk-content-align stk-b3e315e-column\">\n<div class=\"wp-block-stackable-column stk-block-column stk-column stk-block stk-16ffc51\" data-v=\"4\" data-block-id=\"16ffc51\"><div class=\"stk-column-wrapper stk-block-column__content stk-container stk-16ffc51-container stk--no-background stk--no-padding\"><div class=\"stk-block-content stk-inner-blocks stk-16ffc51-inner-blocks\"><\/div><\/div><\/div>\n<\/div><\/div>\n\n\n\n<div class=\"wp-block-stackable-columns stk-block-columns stk-block stk-8ed73ca\" data-block-id=\"8ed73ca\"><style>.stk-8ed73ca {margin-bottom:0px !important;}.stk-8ed73ca-column{max-width:1451px !important;min-width:auto !important;--stk-column-gap:0px !important;}<\/style><div class=\"stk-row stk-inner-blocks stk-block-content stk-content-align stk-8ed73ca-column\">\n<div class=\"wp-block-stackable-column stk-block-column stk-column stk-block stk-7d849c4 stk-block-background\" data-v=\"4\" data-block-id=\"7d849c4\"><style>.stk-7d849c4-container{margin-top:6px !important;margin-right:6px !important;margin-bottom:6px !important;margin-left:6px !important;min-height:0px !important;}.stk-7d849c4 {align-self:flex-start !important;background-color:#00000000 !important;padding-top:50px !important;padding-right:50px !important;padding-bottom:50px !important;padding-left:50px !important;}.stk-7d849c4:before{background-color:#00000000 !important;}@media screen and (max-width: 767px){.stk-7d849c4-container{margin-top:0px !important;margin-right:auto !important;margin-bottom:0px !important;margin-left:auto !important;min-height:1000px !important;max-width:1500px !important;min-width:auto !important;padding-top:0px !important;padding-right:0px !important;padding-bottom:0px !important;padding-left:0px !important;}.stk-7d849c4-inner-blocks{row-gap:0px !important;}}<\/style><div class=\"stk-column-wrapper stk-block-column__content stk-container stk-7d849c4-container stk-hover-parent\"><div class=\"has-text-align-left-mobile stk-block-content stk-inner-blocks stk-7d849c4-inner-blocks\">\n<div class=\"wp-block-stackable-columns stk-block-columns stk-block stk-94b9473\" data-block-id=\"94b9473\"><style>.stk-94b9473 {margin-bottom:0px !important;}.stk-94b9473-column{max-width:1451px !important;min-width:auto !important;--stk-column-gap:0px !important;}<\/style><div class=\"stk-row stk-inner-blocks stk-block-content stk-content-align stk-94b9473-column\">\n<div class=\"wp-block-stackable-column stk-block-column stk-column stk-block stk-d4a8786 stk-block-background\" data-v=\"4\" data-block-id=\"d4a8786\"><style>.stk-d4a8786-container{margin-top:10px !important;margin-right:auto !important;margin-bottom:10px !important;margin-left:auto !important;min-height:0px !important;max-width:1500px !important;min-width:auto !important;}.stk-d4a8786 {align-self:flex-start !important;background-color:#00000000 !important;min-height:0px !important;max-width:1488px !important;min-width:auto !important;padding-top:50px !important;padding-right:50px !important;padding-bottom:50px !important;padding-left:50px !important;}.stk-d4a8786-inner-blocks{row-gap:0px !important;}.stk-d4a8786:before{background-color:#00000000 !important;}@media screen and (max-width: 767px){.stk-d4a8786-container{margin-top:0px !important;margin-right:auto !important;margin-bottom:0px !important;margin-left:auto !important;min-height:1000px !important;max-width:1401px !important;min-width:auto !important;padding-top:0px !important;padding-right:0px !important;padding-bottom:0px !important;padding-left:0px !important;}.stk-d4a8786-inner-blocks{row-gap:0px !important;}.stk-d4a8786 {max-width:1500px !important;min-width:auto !important;padding-top:0px !important;padding-right:0px !important;padding-bottom:0px !important;padding-left:0px !important;margin-right:auto !important;margin-left:auto !important;}}<\/style><div class=\"stk-column-wrapper stk-block-column__content stk-container stk-d4a8786-container stk--no-background stk--no-padding\"><div class=\"has-text-align-left-mobile stk-block-content stk-inner-blocks stk-d4a8786-inner-blocks stk--align-last-block-to-bottom\">\n<div class=\"wp-block-group is-vertical is-content-justification-center is-nowrap is-layout-flex wp-container-core-group-is-layout-73832be3 wp-block-group-is-layout-flex\">\n<p class=\"has-text-align-center has-accent-color has-text-color has-background has-link-color has-medium-font-size wp-elements-80ec755bd0d8fb6651c9f84e4c3a1cbd\" style=\"background:linear-gradient(345deg,rgb(252,185,0) 71%,rgb(255,105,0) 100%);font-style:normal;font-weight:700\">Una domanda? Contattateci su <\/p>\n\n\n<div class=\"wp-block-image\">\n<figure class=\"aligncenter size-full is-resized\"><img decoding=\"async\" width=\"640\" height=\"176\" src=\"https:\/\/vamosalaplaya.xyz\/wp-content\/uploads\/WhatsApp_logo.svg_.png\" alt=\"\" class=\"wp-image-5507\" style=\"width:219px;height:auto\" srcset=\"https:\/\/vamosalaplaya.xyz\/wp-content\/uploads\/WhatsApp_logo.svg_.png 640w, https:\/\/vamosalaplaya.xyz\/wp-content\/uploads\/WhatsApp_logo.svg_-300x83.png 300w\" sizes=\"(max-width: 640px) 100vw, 640px\" \/><\/figure>\n<\/div><\/div>\n\n\n\n<div class=\"wp-block-stackable-divider stk-block-divider has-text-align-center stk-block stk-3cce79c is-style-bar\" data-block-id=\"3cce79c\"><style>.stk-3cce79c hr.stk-block-divider__hr{background:var(--accent) !important;border-radius:calc(2px \/ 2) !important;height:2px !important;}.stk-3cce79c {margin-bottom:0px !important;}@media screen and (max-width: 767px){.stk-3cce79c hr.stk-block-divider__hr{border-radius:calc(5px \/ 2) !important;height:5px !important;width:100% !important;}.stk-3cce79c {margin-bottom:0px !important;}}<\/style><hr class=\"stk-block-divider__hr\"\/><\/div>\n\n\n<div class=\"gb-container gb-container-53839b7d\">\n\n<h2 class=\"wp-block-heading has-text-align-center has-accent-color has-text-color has-link-color wp-elements-b359aaccba9f6329362be794e9d143c8\"><strong><span style=\"color: var(--accent);\" class=\"stk-highlight\">NOLEGGIO LIVE: QUALI VANTAGGI?<\/span><\/strong><\/h2>\n\n<\/div>\n\n\n<p class=\"has-text-align-left has-accent-color has-contrast-2-background-color has-text-color has-background has-link-color wp-elements-a858852962a0e2a806beb16946cb008e\">Dal 2018, puntiamo su un rapporto trasparente e di totale fiducia con i nostri inquilini: <strong>Prenotando direttamente con noi, hai la garanzia di beneficiare di una tariffa sempre pi\u00f9 vantaggiosa che su Booking o Airbnb, anche se la tua riduzione Genius, combinata a sconti supplementari decisi unilateralmente da Booking <\/strong>\u2014 <em>non sempre molto chiari per i proprietari<\/em> \u2014 <strong>porta a un prezzo finale inferiore a quello visualizzato qui per lo stesso soggiorno. Basta contattarci e il prezzo della tua prenotazione sar\u00e0 rivisto al ribasso. <\/strong>Ma certo, sei totalmente libero di pagare di pi\u00f9 altrove pensando che sia meglio per la tua sicurezza!<\/p>\n\n\n\n<ul class=\"wp-block-list\">\n<li>I prezzi visualizzati su Airbnb o Booking sono sempre maggiorati,<strong> siete voi alla fine a pagare la commissione del 17%!<\/strong><\/li>\n\n\n\n<li>La nostra politica di cancellazione \u00e8 ancora pi\u00f9 vantaggiosa che su Airbnb o Booking (<em>vedere pi\u00f9 in basso<\/em>).<\/li>\n\n\n\n<li><strong>Paghi dopo il tuo arrivo e l&#8217;ingresso nell&#8217;appartamento: Nessun acconto da versare al momento della prenotazione<\/strong> n\u00e9 brutte sorprese. E niente appartamenti fantasma che non esistono!<\/li>\n\n\n\n<li>Al momento della prenotazione,<strong> una cauzione tramite semplice pre-autorizzazione su carta di credito<\/strong> non addebitata e gestita da Swikly, organismo indipendente specializzato in cauzioni (<em>vedere pi\u00f9 in basso<\/em>).<\/li>\n\n\n\n<li>Un referente sempre presente, per telefono o tramite WhatsApp.<\/li>\n\n\n\n<li>E dal 2018, recensioni di viaggiatori di tutto il mondo unanimemente soddisfatti, basta consultare <strong>le recensioni dei viaggiatori<\/strong> su Booking, Airbnb e il <span style=\"color: var(--accent);\" class=\"stk-highlight\"><a href=\"https:\/\/www.google.com\/search?client=ms-android-honor&amp;sa=X&amp;bih=678&amp;hl=fr-FR&amp;gl=fr&amp;cs=0&amp;biw=375&amp;sca_esv=9da7a081ced3aa3b&amp;sxsrf=AE3TifPdciiOEEJ4ZIuesNrb0vBUeWwpwg:1761310482885&amp;kgmid=\/g\/11m2f_3s4q&amp;q=%C2%A1VAMOS+A+LA+PLAYA!+2+Pisos+s%C3%BAper+equipados+en+alquiler+en+Carboneras+Fibra+Wi-Fi+600+mb+Amplia+terraza+1%C2%AA+l%C3%ADnea+de+playa+-+AC&amp;shndl=30&amp;source=sh\/x\/loc\/hdr\/m1\/4&amp;kgs=ec4805513025d90f&amp;shem=shrtsdl&amp;utm_source=shrtsdl,sh\/x\/loc\/hdr\/m1\/4\">Google Business<\/a><\/span> di \u00a1Vamosalaplaya!<\/li>\n<\/ul>\n\n\n\n<p><\/p>\n\n\n\n<h2 class=\"wp-block-heading has-text-align-center\"><strong><span style=\"color: var(--accent);\" class=\"stk-highlight\">PREZZI DEI SOGGIORNI<\/span><\/strong><\/h2>\n\n\n\n<ul class=\"wp-block-list\">\n<li><strong>I prezzi indicati si applicano da 1 a 4 persone, adulti o bambini sopra i 2 anni. Oltre questo numero, aggiungere 7 euro per persona al giorno.<\/strong><\/li>\n\n\n\n<li>I bambini di et\u00e0 <strong>inferiore ai 2 anni soggiornano gratuitamente.<\/strong> Possiamo fornire <strong>senza supplemento<\/strong> un lettino da viaggio (lettino pieghevole), un seggiolone e una vaschetta per il bagnetto. <strong>Oltre i 2 anni<\/strong>, il bambino \u00e8 incluso nel numero totale di occupanti se occupa un letto.<\/li>\n\n\n\n<li>I prezzi sono <strong>tutto compreso<\/strong> (alloggio, acqua ed elettricit\u00e0, lenzuola e asciugamani, bagnoschiuma e shampoo).<\/li>\n\n\n\n<li>L&#8217;arrivo \u00e8 previsto <strong>dalle ore 16:00<\/strong>, la partenza <strong>entro le ore 11:00.<\/strong><\/li>\n\n\n\n<li><strong>Cani e altri animali sono ammessi senza costi aggiuntivi<\/strong> (tranne nello studio 2, potete chiederci perch\u00e9), a condizione che siano puliti e ben educati.<\/li>\n<\/ul>\n\n\n\n<p><\/p>\n\n\n\n<h2 class=\"wp-block-heading has-text-align-center\"><strong><span style=\"color: var(--accent);\" class=\"stk-highlight\"><strong>DURATA DEL SOGGIORNO<\/strong><\/span><\/strong><\/h2>\n\n\n\n<ul class=\"wp-block-list\">\n<li>In linea di principio, <strong>i soggiorni inferiori a 4 notti non sono accettati, <\/strong>ma ogni richiesta pu\u00f2 essere valutata con un supplemento.<\/li>\n\n\n\n<li>Durante il periodo dal <strong>15 giugno al 15 settembre<\/strong>, cos\u00ec come durante la <strong>Semana Santa<\/strong> in aprile, <strong>i soggiorni durano almeno 7 notti<\/strong>,<strong> iniziano il sabato e terminano il sabato.<\/strong> Durante questo periodo, sar\u00e0 applicata una <strong>riduzione del 15%<\/strong> se la durata del soggiorno supera le 28 notti.<\/li>\n\n\n\n<li>Il resto dell&#8217;anno, una <strong>riduzione del 15%<\/strong> \u00e8 applicata per tutti i soggiorni di durata superiore a 21 giorni.<\/li>\n<\/ul>\n\n\n\n<p><\/p>\n\n\n\n<h2 class=\"wp-block-heading has-text-align-center\"><strong><span style=\"color: var(--accent);\" class=\"stk-highlight\"><strong>PROCEDURE DI PRENOTAZIONE E CAUZIONE<\/strong><\/span><\/strong><\/h2>\n\n\n\n<p><strong><span style=\"color: #e10e0e;\" class=\"stk-highlight\">Come precedentemente indicato, non \u00e8 richiesto alcun acconto al momento della prenotazione presso \u00a1Vamosalaplaya!<\/span><\/strong><\/p>\n\n\n\n<p>Ci\u00f2 potrebbe sorprendere, ma \u00e8 sempre stato cos\u00ec. Contiamo sul rispetto reciproco e sulla promessa che ci avviserete il prima possibile in caso di annullamento del vostro soggiorno.<\/p>\n\n\n\n<p>Le prenotazioni vengono effettuate tramite il modulo di ricerca sulla pagina di ogni appartamento o studio.<strong> Il prezzo del soggiorno annunciato pu\u00f2 essere rivisto al ribasso se dovesse risultare comparativamente pi\u00f9 economico su piattaforme esterne, per i motivi precedentemente specificati.<\/strong><\/p>\n\n\n\n<p><span style=\"color: var(--accent);\" class=\"stk-highlight\">Dopo la nostra conferma, dovrete procedere alla <strong>validazione della cauzione<\/strong> presso il nostro partner <\/span><strong><span style=\"color: var(--contrast);\" class=\"stk-highlight\"><a href=\"https:\/\/www.swikly.com\/en\/\">SWIKLY<\/a><\/span><\/strong><span style=\"color: var(--accent);\" class=\"stk-highlight\">. Questo conferma la vostra prenotazione e servir\u00e0 come deposito cauzionale in caso di danni nell&#8217;appartamento durante il vostro soggiorno.<\/span><\/p>\n\n\n\n<p>Questo importo <strong>non sar\u00e0 in alcun momento prelevato dal vostro conto<\/strong> e non avr\u00e0 alcuna incidenza sull&#8217;importo massimo di acquisto futuro con la vostra carta di credito.<\/p>\n\n\n\n<p><\/p>\n\n\n\n<h2 class=\"wp-block-heading has-text-align-center\"><strong><span style=\"color: var(--accent);\" class=\"stk-highlight\"><strong>ANNULLAMENTO<\/strong><\/span><\/strong><\/h2>\n\n\n\n<ul class=\"wp-block-list\">\n<li class=\"has-accent-color has-text-color has-link-color wp-elements-7c536ba453eb09dff8dd30452e26d75c\"><strong>Come su Airbnb o Booking, l&#8217;annullamento \u00e8 gratuito fino a 24 ore prima del vostro arrivo (ossia fino alle 15:59 del giorno prima).<\/strong><\/li>\n\n\n\n<li>Poich\u00e9 il pagamento del soggiorno viene effettuato dopo il vostro arrivo e non avete versato alcun acconto, non correte alcun rischio. \u00c8 una nostra scelta.<\/li>\n\n\n\n<li>Se annullate entro il termine indicato, la vostra cauzione Swikly sar\u00e0 annullata. Non ve ne accorgerete nemmeno perch\u00e9 non \u00e8 stato effettuato alcun addebito al momento della sua creazione!<\/li>\n\n\n\n<li>Trascorso questo termine di <strong>H -24<\/strong>, sar\u00e0 addebitato solo l&#8217;importo della vostra cauzione Swikly.<\/li>\n\n\n\n<li>A titolo di paragone, in caso di mancata presentazione su Booking, viene addebitato il prezzo totale del soggiorno, e su Airbnb, vi vengono addebitati l&#8217;importo della prima notte pi\u00f9 le spese di gestione del soggiorno.<\/li>\n<\/ul>\n\n\n\n<p><\/p>\n\n\n\n<h2 class=\"wp-block-heading has-text-align-center\"><strong><span style=\"color: var(--accent);\" class=\"stk-highlight\"><strong>CONDIZIONI DI PAGAMENTO<\/strong><\/span><\/strong><\/h2>\n\n\n\n<ul class=\"wp-block-list\">\n<li class=\"has-accent-color has-text-color has-link-color wp-elements-7c536ba453eb09dff8dd30452e26d75c\"><strong>Come su Airbnb o Booking, l&#8217;annullamento \u00e8 gratuito fino a 24 ore prima del vostro arrivo (ossia fino alle 15:59 del giorno prima).<\/strong><\/li>\n\n\n\n<li>Poich\u00e9 il pagamento del soggiorno viene effettuato dopo il vostro arrivo e non avete versato alcun acconto, non correte alcun rischio. \u00c8 una nostra scelta.<\/li>\n\n\n\n<li>Se annullate entro il termine indicato, la vostra cauzione Swikly sar\u00e0 annullata. Non ve ne accorgerete nemmeno perch\u00e9 non \u00e8 stato effettuato alcun addebito al momento della sua creazione!<\/li>\n\n\n\n<li>Trascorso questo termine di <strong>H -24<\/strong>, sar\u00e0 addebitato solo l&#8217;importo della vostra cauzione Swikly.<\/li>\n\n\n\n<li><em>A titolo di paragone, in caso di mancata presentazione su Booking, viene addebitato il prezzo totale del soggiorno, e su Airbnb, vi vengono addebitati l&#8217;importo della prima notte pi\u00f9 le spese di gestione del soggiorno<\/em>.<\/li>\n<\/ul>\n\n\n\n<p><\/p>\n\n\n\n<h2 class=\"wp-block-heading has-text-align-center\"><strong><span style=\"color: var(--accent);\" class=\"stk-highlight\"><strong>INFORMAZIONI IMPORTANTI<\/strong><\/span><\/strong><\/h2>\n\n\n\n<p><strong>Swikly \u00e8 un&#8217;azienda francese, specializzata nella gestione delle cauzioni per affitti di ogni tipo.<\/strong> Lasciate un&#8217;impronta della carta di credito per un importo determinato, <strong>tale importo non \u00e8 n\u00e9 bloccato n\u00e9 addebitato e il plafond della vostra carta bancaria non \u00e8 influenzato.<\/strong> Questo \u00e8 il grande vantaggio di questo sistema.<\/p>\n\n\n\n<ul class=\"wp-block-list\">\n<li><span style=\"color: #e10909;\" class=\"stk-highlight\">Gli alloggi sono affittati <strong>esclusivamente per il numero di persone indicato<\/strong> al momento della prenotazione.<\/span><\/li>\n\n\n\n<li><span style=\"color: #e10909;\" class=\"stk-highlight\">Le <strong>feste sono severamente vietate.<\/strong><\/span><\/li>\n\n\n\n<li><span style=\"color: #e10909;\" class=\"stk-highlight\">Tutti gli alloggi sono <strong>non fumatori.<\/strong><\/span><\/li>\n<\/ul>\n\n\n\n<p><strong>Non addebitiamo spese di pulizia<\/strong>, a condizione che l&#8217;appartamento venga riconsegnato in condizioni appropriate. In caso contrario, una spesa di pulizia di <strong>90 euro<\/strong> potr\u00e0 esservi addebitata e sar\u00e0 dedotta dalla vostra cauzione virtuale SWIKLY, dopo verifica al momento della vostra partenza. Finora, questo non \u00e8 mai accaduto.<\/p>\n\n\n\n<p><span style=\"color: var(--accent);\" class=\"stk-highlight\">Il <strong><a href=\"https:\/\/www.interior.gob.es\/opencms\/gl\/servicios-al-ciudadano\/hospedajes-y-alquiler-de-vehiculos\/partes-de-entrada-y-obligaciones-de-registro-documental\/\">Ministero dell&#8217;Interno spagnolo<\/a><\/strong> richiede ora la comunicazione dell&#8217;identit\u00e0 di tutti gli ospiti di et\u00e0 superiore ai 14 anni, come avviene da sempre in qualsiasi albergo.Il giorno prima del vostro arrivo riceverete un link che vi permetter\u00e0 di adempiere a questo obbligo.<\/span><\/p>\n\n\n\n<p>Ci riserviamo il diritto di rifiutare una richiesta di affitto se il profilo degli affittuari non ci sembra appropriato, o di far rispettare le regole di base e l&#8217;appartamento <strong>esigendo una cauzione pi\u00f9 elevata<\/strong> (esempio: gruppo di giovani molto festaioli&#8230;).<\/p>\n<\/div><\/div><\/div>\n<\/div><\/div>\n\n\n\n<div class=\"wp-block-stackable-divider stk-block-divider stk-block stk-3591563\" data-block-id=\"3591563\"><hr class=\"stk-block-divider__hr\"\/><\/div>\n<\/div><\/div><\/div>\n<\/div><\/div>\n\n\n\n<p><\/p>\n","protected":false},"excerpt":{"rendered":"<p>Una domanda? Contattateci su NOLEGGIO LIVE: QUALI VANTAGGI? Dal 2018, puntiamo su un rapporto trasparente e di totale fiducia con i nostri inquilini: Prenotando direttamente con noi, hai la garanzia di beneficiare di una tariffa sempre pi\u00f9 vantaggiosa che su Booking o Airbnb, anche se la tua riduzione Genius, combinata a sconti supplementari decisi unilateralmente &#8230; <a title=\"CONDIZIONI GENERALI DI VENDITA\" class=\"read-more\" href=\"https:\/\/vamosalaplaya.xyz\/it\/condizioni-generali-di-vendita\/\" aria-label=\"Per saperne di pi\u00f9 su CONDIZIONI GENERALI DI VENDITA\">Leggi tutto<\/a><\/p>\n","protected":false},"author":1,"featured_media":0,"parent":0,"menu_order":0,"comment_status":"closed","ping_status":"closed","template":"","meta":{"_seopress_robots_primary_cat":"","_seopress_titles_title":"CONDIZIONI GENERALI DI VENDITA","_seopress_titles_desc":"CONDIZIONI GENERALI DI VENDITA","_seopress_robots_index":"","footnotes":""},"class_list":["post-4615","page","type-page","status-publish"],"_links":{"self":[{"href":"https:\/\/vamosalaplaya.xyz\/it\/wp-json\/wp\/v2\/pages\/4615","targetHints":{"allow":["GET"]}}],"collection":[{"href":"https:\/\/vamosalaplaya.xyz\/it\/wp-json\/wp\/v2\/pages"}],"about":[{"href":"https:\/\/vamosalaplaya.xyz\/it\/wp-json\/wp\/v2\/types\/page"}],"author":[{"embeddable":true,"href":"https:\/\/vamosalaplaya.xyz\/it\/wp-json\/wp\/v2\/users\/1"}],"replies":[{"embeddable":true,"href":"https:\/\/vamosalaplaya.xyz\/it\/wp-json\/wp\/v2\/comments?post=4615"}],"version-history":[{"count":10,"href":"https:\/\/vamosalaplaya.xyz\/it\/wp-json\/wp\/v2\/pages\/4615\/revisions"}],"predecessor-version":[{"id":7831,"href":"https:\/\/vamosalaplaya.xyz\/it\/wp-json\/wp\/v2\/pages\/4615\/revisions\/7831"}],"wp:attachment":[{"href":"https:\/\/vamosalaplaya.xyz\/it\/wp-json\/wp\/v2\/media?parent=4615"}],"curies":[{"name":"wp","href":"https:\/\/api.w.org\/{rel}","templated":true}]}}