{"id":4584,"date":"2025-07-01T17:48:20","date_gmt":"2025-07-01T15:48:20","guid":{"rendered":"https:\/\/vamosalaplaya.xyz\/?page_id=4584"},"modified":"2025-07-01T18:29:40","modified_gmt":"2025-07-01T16:29:40","slug":"cgv","status":"publish","type":"page","link":"https:\/\/vamosalaplaya.xyz\/it\/cgv\/","title":{"rendered":"CGV"},"content":{"rendered":"\n<div class=\"wp-block-stackable-columns stk-block-columns stk-block stk-5f86ea5\" data-block-id=\"5f86ea5\"><div class=\"stk-row stk-inner-blocks stk-block-content stk-content-align stk-5f86ea5-column\">\n<div class=\"wp-block-stackable-column stk-block-column stk-column stk-block stk-a55fcbe\" data-v=\"4\" data-block-id=\"a55fcbe\"><div class=\"stk-column-wrapper stk-block-column__content stk-container stk-a55fcbe-container stk--no-background stk--no-padding\"><div class=\"stk-block-content stk-inner-blocks stk-a55fcbe-inner-blocks\">\n<div class=\"wp-block-stackable-heading stk-block-heading stk-block-heading--v2 stk-block stk-dce3f7d\" id=\"strong-condizioni-generali-di-vendita-strong\" data-block-id=\"dce3f7d\"><style>.stk-dce3f7d {margin-bottom:150px !important;}<\/style><h1 class=\"stk-block-heading__text\"><strong>CONDIZIONI GENERALI DI VENDITA<\/strong><\/h1><\/div>\n\n\n\n<div class=\"wp-block-stackable-heading stk-block-heading stk-block-heading--v2 stk-block stk-c42b1e1\" id=\"prenotazione-diretta-quali-sono-i-vantaggi\" data-block-id=\"c42b1e1\"><h2 class=\"stk-block-heading__text\">PRENOTAZIONE DIRETTA: QUALI SONO I VANTAGGI?<\/h2><\/div>\n\n\n\n<ul class=\"wp-block-list\">\n<li>I prezzi su Airbnb o Booking sono maggiorati: la commissione la paga Lei!<\/li>\n\n\n\n<li>Politica di cancellazione ancora pi\u00f9 vantaggiosa che su Airbnb o Booking.<\/li>\n\n\n\n<li>Maggiore sicurezza: paga all\u2019arrivo, dopo essere entrato nell\u2019appartamento; niente brutte sorprese n\u00e9 appartamenti fantasma inesistenti!<\/li>\n\n\n\n<li>Cauzione Swikly non addebitata al momento della prenotazione (vedere sotto).<\/li>\n\n\n\n<li>Interlocutore rapido, per telefono o via WhatsApp.<\/li>\n\n\n\n<li>Dal 2018, recensioni pienamente positive di viaggiatori di tutto il mondo.<\/li>\n<\/ul>\n\n\n\n<div class=\"wp-block-stackable-heading stk-block-heading stk-block-heading--v2 stk-block stk-49ebd61\" id=\"prezzi-dei-soggiorni\" data-block-id=\"49ebd61\"><h2 class=\"stk-block-heading__text\">PREZZI DEI SOGGIORNI<\/h2><\/div>\n\n\n\n<ul id=\"prix-des-sejours\" class=\"wp-block-list\">\n<li>I prezzi indicati per ogni giorno del calendario si applicano da 1 a 4 persone. Oltre, aggiungere 8\u00a0euro a persona al giorno.<\/li>\n\n\n\n<li>I prezzi sono tutto incluso (alloggio, acqua ed elettricit\u00e0, lenzuola e asciugamani, gel doccia e shampoo).<\/li>\n\n\n\n<li>Check\u2011in a partire dalle 16:00, check\u2011out entro le 11:00.<\/li>\n\n\n\n<li>Cani e altri animali sono accettati senza costi aggiuntivi (tranne che nello studio\u00a02), purch\u00e9 puliti ed educati.<\/li>\n<\/ul>\n\n\n\n<div class=\"wp-block-stackable-heading stk-block-heading stk-block-heading--v2 stk-block stk-7b81a91\" id=\"durata-del-soggiorno\" data-block-id=\"7b81a91\"><h2 class=\"stk-block-heading__text\">DURATA DEL SOGGIORNO<\/h2><\/div>\n\n\n\n<ul id=\"duree-du-sejour\" class=\"wp-block-list\">\n<li>Di norma, non si accettano soggiorni inferiori a 4 notti, ma ogni richiesta pu\u00f2 essere esaminata.<\/li>\n\n\n\n<li>Dal penultimo sabato di giugno all\u2019ultimo sabato di settembre, durante la Settimana Santa e durante la settimana che comprende il 6 e l\u20198\u00a0dicembre, i soggiorni iniziano il sabato e non possono essere inferiori a 7 giorni.<\/li>\n\n\n\n<li>Per soggiorni di oltre 16 giorni verr\u00e0 valutata una riduzione.<\/li>\n<\/ul>\n\n\n\n<div class=\"wp-block-stackable-heading stk-block-heading stk-block-heading--v2 stk-block stk-e7e9a3b\" id=\"procedure-di-prenotazione-e-caparra\" data-block-id=\"e7e9a3b\"><h2 class=\"stk-block-heading__text\">PROCEDURE DI PRENOTAZIONE E CAPARRA<\/h2><\/div>\n\n\n\n<ul id=\"procedures-de-reservation-et-dacompte\" class=\"wp-block-list\">\n<li>Le prenotazioni si effettuano tramite il modulo presente in questa pagina.<\/li>\n\n\n\n<li>Dopo la nostra conferma, dovr\u00e0 procedere alla validazione della registrazione della Sua carta di credito tramite SWIKLY. Ci\u00f2 conferma la prenotazione e funge da cauzione in caso di danni all\u2019appartamento durante il soggiorno.<\/li>\n\n\n\n<li>Tale importo non sar\u00e0 mai addebitato sul Suo conto e non avr\u00e0 alcuna incidenza sul massimale di spesa della Sua carta di credito.<\/li>\n\n\n\n<li>L\u2019importo della cauzione \u00e8 di 300\u00a0euro per 1\u20114 persone e di 500\u00a0euro oltre tale numero.<\/li>\n\n\n\n<li>Se tutto \u00e8 andato bene, la cauzione viene automaticamente annullata 10 giorni dopo la Sua partenza. Per maggiori informazioni, clicchi qui.<\/li>\n<\/ul>\n\n\n\n<div class=\"wp-block-stackable-heading stk-block-heading stk-block-heading--v2 stk-block stk-d3dc7c9\" id=\"cancellazione\" data-block-id=\"d3dc7c9\"><h2 class=\"stk-block-heading__text\">CANCELLAZIONE<\/h2><\/div>\n\n\n\n<ul id=\"annulation\" class=\"wp-block-list\">\n<li>Come su Airbnb o Booking, la cancellazione \u00e8 gratuita fino a 24\u00a0ore prima dell\u2019arrivo (ovvero fino alle 15:59 del giorno precedente).<\/li>\n\n\n\n<li>Trascorso tale termine, verr\u00e0 addebitato solo l\u2019importo della cauzione Swikly.<\/li>\n\n\n\n<li>A titolo di confronto, su Booking viene addebitato l\u2019intero prezzo del soggiorno e su Airbnb la prima notte pi\u00f9 le spese di gestione.<\/li>\n<\/ul>\n\n\n\n<div class=\"wp-block-stackable-heading stk-block-heading stk-block-heading--v2 stk-block stk-b10952e\" id=\"condizioni-di-pagamento\" data-block-id=\"b10952e\"><h2 class=\"stk-block-heading__text\">CONDIZIONI DI PAGAMENTO<\/h2><\/div>\n\n\n\n<ul id=\"conditions-de-paiement\" class=\"wp-block-list\">\n<li>Il pagamento totale del soggiorno viene effettuato tramite bonifico bancario il giorno dell\u2019arrivo, dopo l\u2019ingresso nell\u2019alloggio.<\/li>\n\n\n\n<li>Se risiede al di fuori dell\u2019area europea e non pu\u00f2 effettuare un bonifico SEPA, il pagamento pu\u00f2 essere effettuato con carta di credito tramite SWIKLY, con un supplemento dell\u20191,8\u00a0% del costo totale del soggiorno.<\/li>\n<\/ul>\n\n\n\n<div class=\"wp-block-stackable-heading stk-block-heading stk-block-heading--v2 stk-block stk-aaca802\" id=\"informazioni-importanti\" data-block-id=\"aaca802\"><h2 class=\"stk-block-heading__text\">INFORMAZIONI IMPORTANTI<\/h2><\/div>\n\n\n\n<ul class=\"wp-block-list\">\n<li>Le sistemazioni sono affittate esclusivamente per il numero di persone indicato al momento della prenotazione.<\/li>\n\n\n\n<li>Le feste sono rigorosamente vietate.<\/li>\n\n\n\n<li>Tutte le sistemazioni sono non fumatori.<\/li>\n\n\n\n<li>Non addebitiamo spese di pulizia, purch\u00e9 l\u2019appartamento venga lasciato in buone condizioni. In caso contrario, potr\u00e0 essere addebitata una spesa di 90\u00a0euro, detratta dalla Sua cauzione virtuale SWIKLY dopo il controllo alla partenza. Finora non \u00e8 mai successo.<\/li>\n\n\n\n<li>Le autorit\u00e0 spagnole richiedono di comunicarci il Suo numero di carta d\u2019identit\u00e0 o passaporto; dovr\u00e0 fornirlo obbligatoriamente prima dell\u2019arrivo.<\/li>\n\n\n\n<li>Ci riserviamo il diritto di rifiutare una richiesta di affitto se il profilo degli inquilini non ci sembra adeguato, o di richiedere una cauzione pi\u00f9 elevata per garantire il rispetto delle regole di base e dell\u2019appartamento (esempio: gruppo di giovani sotto i 21 anni).<\/li>\n\n\n\n<li>Questo sito web \u00e8 in https e sicuro: il Suo nome, numero di telefono e indirizzo e\u2011mail non saranno mai comunicati a terzi.<\/li>\n\n\n\n<li>Swikly \u00e8 un\u2019azienda francese specializzata nella gestione delle cauzioni per qualsiasi tipo di affitto. Lei lascia l\u2019impronta di una carta di credito per un importo determinato; tale importo non viene n\u00e9 bloccato n\u00e9 addebitato e il plafond della Sua carta non \u00e8 mai interessato: questo \u00e8 il grande vantaggio del sistema.<\/li>\n<\/ul>\n<\/div><\/div><\/div>\n<\/div><\/div>\n","protected":false},"excerpt":{"rendered":"<p>CONDIZIONI GENERALI DI VENDITA PRENOTAZIONE DIRETTA: QUALI SONO I VANTAGGI? PREZZI DEI SOGGIORNI DURATA DEL SOGGIORNO PROCEDURE DI PRENOTAZIONE E CAPARRA CANCELLAZIONE CONDIZIONI DI PAGAMENTO INFORMAZIONI IMPORTANTI<\/p>\n","protected":false},"author":1,"featured_media":0,"parent":0,"menu_order":0,"comment_status":"closed","ping_status":"closed","template":"","meta":{"_seopress_robots_primary_cat":"","_seopress_titles_title":"CONDIZIONI GENERALI DI VENDITA","_seopress_titles_desc":"CONDIZIONI GENERALI DI VENDITA","_seopress_robots_index":"","footnotes":""},"class_list":["post-4584","page","type-page","status-publish"],"_links":{"self":[{"href":"https:\/\/vamosalaplaya.xyz\/it\/wp-json\/wp\/v2\/pages\/4584","targetHints":{"allow":["GET"]}}],"collection":[{"href":"https:\/\/vamosalaplaya.xyz\/it\/wp-json\/wp\/v2\/pages"}],"about":[{"href":"https:\/\/vamosalaplaya.xyz\/it\/wp-json\/wp\/v2\/types\/page"}],"author":[{"embeddable":true,"href":"https:\/\/vamosalaplaya.xyz\/it\/wp-json\/wp\/v2\/users\/1"}],"replies":[{"embeddable":true,"href":"https:\/\/vamosalaplaya.xyz\/it\/wp-json\/wp\/v2\/comments?post=4584"}],"version-history":[{"count":1,"href":"https:\/\/vamosalaplaya.xyz\/it\/wp-json\/wp\/v2\/pages\/4584\/revisions"}],"predecessor-version":[{"id":4587,"href":"https:\/\/vamosalaplaya.xyz\/it\/wp-json\/wp\/v2\/pages\/4584\/revisions\/4587"}],"wp:attachment":[{"href":"https:\/\/vamosalaplaya.xyz\/it\/wp-json\/wp\/v2\/media?parent=4584"}],"curies":[{"name":"wp","href":"https:\/\/api.w.org\/{rel}","templated":true}]}}