{"id":4062,"date":"2025-04-04T10:15:25","date_gmt":"2025-04-04T08:15:25","guid":{"rendered":"https:\/\/vamosalaplaya.xyz\/quienes-somos\/"},"modified":"2025-04-28T17:43:25","modified_gmt":"2025-04-28T15:43:25","slug":"quienes-somos","status":"publish","type":"page","link":"https:\/\/vamosalaplaya.xyz\/it\/quienes-somos\/","title":{"rendered":"Chi siamo"},"content":{"rendered":"\n<div class=\"wp-block-stackable-columns stk-block-columns stk-block stk-5f86ea5\" data-block-id=\"5f86ea5\"><div class=\"stk-row stk-inner-blocks stk-block-content stk-content-align stk-5f86ea5-column\">\n<div class=\"wp-block-stackable-column stk-block-column stk-column stk-block stk-a55fcbe\" data-v=\"4\" data-block-id=\"a55fcbe\"><div class=\"stk-column-wrapper stk-block-column__content stk-container stk-a55fcbe-container stk--no-background stk--no-padding\"><div class=\"stk-block-content stk-inner-blocks stk-a55fcbe-inner-blocks\">\n<div class=\"wp-block-stackable-image stk-block-image stk-block stk-0dcdebe\" data-block-id=\"0dcdebe\"><style>.stk-0dcdebe .stk-img-wrapper{width:250px !important;}<\/style><figure><span class=\"stk-img-wrapper stk-image--shape-stretch\"><img decoding=\"async\" class=\"stk-img wp-image-3140\" src=\"https:\/\/vamosalaplaya.xyz\/wp-content\/uploads\/Nicolas.jpg\" width=\"369\" height=\"479\" alt=\"Nicolas Carboneras\" srcset=\"https:\/\/vamosalaplaya.xyz\/wp-content\/uploads\/Nicolas.jpg 369w, https:\/\/vamosalaplaya.xyz\/wp-content\/uploads\/Nicolas-231x300.jpg 231w\" sizes=\"(max-width: 369px) 100vw, 369px\" \/><\/span><\/figure><\/div>\n\n\n\n<p>Hola,<\/p>\n\n\n\n<p>Mi chiamo Nicolas, sono francese e vivo a Lione, dove esercito la professione di medico osteopata da oltre trent&#8217;anni. Per ulteriori informazioni su di me, visitate il sito <a href=\"https:\/\/www.medecin-osteo.fr\/\">medecin-osteo.fr<\/a>.<\/p>\n\n\n\n<p>Conosco tutta la regione di <a href=\"https:\/\/vamosalaplaya.xyz\/it\/cabo-de-gata\/3785\/\"><strong>Cabo de Gata<\/strong><\/a> dal 1965, poich\u00e9 ho avuto la fortuna di trascorrervi molte estati con i miei genitori, che avevano intrapreso l&#8217;avventura di acquistare una piccola casa di vacanza vicino ad Almer\u00eda. All&#8217;epoca ci volevano due o tre giorni per arrivarci, ed era una vera e propria spedizione arrivare in auto dalla Francia, poich\u00e9 l&#8217;autostrada si fermava a Perpignan.<\/p>\n\n\n\n<p>Sono passati quasi 60 anni, la regione \u00e8 cambiata enormemente, ma ci sono ancora luoghi che rimangono assolutamente intatti come il primo giorno, completamente preservati dalla follia immobiliare. La casa di vacanza della mia famiglia dovette essere venduta quando morirono i miei genitori. Capii subito che non avrei mai potuto dimenticare questa parte dell&#8217;Andalusia che amo tanto. Cos\u00ec decisi di acquistare un appartamento a <a href=\"https:\/\/vamosalaplaya.xyz\/it\/\">Carboneras<\/a>, un piccolo paese ancora tranquillo e un meraviglioso punto di partenza per godersi tutte le spiagge selvagge e i luoghi dove affondano le radici della mia infanzia. Il piacere di tornare in estate o fuori stagione \u00e8 rimasto intatto, e sono sicuro che qui ci siano particolari forze telluriche che contribuiscono a un rinnovamento mentale e fisico senza pari in pochi giorni. Sono innamorato di questa regione da molti anni.<\/p>\n\n\n\n<p>\u00c8 qui che \u00e8 nata l&#8217;esperienza di <strong>Vamos a Playa!<\/strong><\/p>\n\n\n\n<p>Prima il grande appartamento, acquistato nel 2018, che ho messo su Airbnb per poter pagare pi\u00f9 facilmente il mutuo.<\/p>\n<\/div><\/div><\/div>\n\n\n\n<div class=\"wp-block-stackable-column stk-block-column stk-column stk-block stk-c519d67\" data-v=\"4\" data-block-id=\"c519d67\"><div class=\"stk-column-wrapper stk-block-column__content stk-container stk-c519d67-container stk--no-background stk--no-padding\"><div class=\"stk-block-content stk-inner-blocks stk-c519d67-inner-blocks\">\n<p>Fin dall&#8217;inizio, ho voluto creare qualcosa di diverso, qualcosa di pi\u00f9 raffinato, davvero ben attrezzato, dove ci si sentisse immediatamente a casa e non in un appartamento in affitto impersonale come ce ne sono tanti. Dopo alcuni viaggi di andata e ritorno dalla Francia, di cui due con un furgone di 20 m\u00b3 pieno di mobili trovati nei mercatini dell&#8217;usato, il primo appartamento era pronto e ha riscosso un successo immediato sia su Airbnb che su Booking.<\/p>\n\n\n\n<p>Le recensioni degli inquilini parlano da sole. Per questo non ho esitato a investire due anni dopo in un secondo piano con una terrazza altrettanto bella, situato nello stesso edificio sulla spiaggia.<\/p>\n\n\n\n<p>Airbnb e Booking sono ottimi trampolini di lancio per gli affitti ammobiliati. Purtroppo, questi servizi sono molto costosi sia per te, l&#8217;inquilino, che per me, il proprietario.<\/p>\n\n\n\n<p>Per questo non ho esitato a creare questo sito web, che mi permette di offrire prezzi pi\u00f9 interessanti e accessibili a tutti. Sono felice di avere un numero crescente di affittuari fedeli che tornano anno dopo anno nel \u201cloro appartamento\u201d e che non penserebbero mai di prenotare tramite Booking o Airbnb!<\/p>\n\n\n\n<p>All&#8217;arrivo sarete accolti da Betty, che dopo aver pulito e preparato l&#8217;appartamento per voi, vi dar\u00e0 il benvenuto, vi consegner\u00e0 le chiavi e vi mostrer\u00e0 l&#8217;appartamento nei minimi dettagli. Betty \u00e8 sempre sorridente e di buon umore. Ed \u00e8 incredibilmente efficiente nel risolvere qualsiasi problema, grande o piccolo che sia. Senza di lei, affittare due appartamenti dalla Francia in tutta tranquillit\u00e0 sarebbe probabilmente impossibile&#8230;<\/p>\n\n\n\n<div class=\"wp-block-stackable-image stk-block-image stk-block stk-f8401e4\" data-block-id=\"f8401e4\"><style>.stk-f8401e4 .stk-img-wrapper{width:250px !important;}<\/style><figure><span class=\"stk-img-wrapper stk-image--shape-stretch\"><img decoding=\"async\" class=\"stk-img wp-image-3145\" src=\"https:\/\/vamosalaplaya.xyz\/wp-content\/uploads\/Betty.jpg\" width=\"717\" height=\"1024\" alt=\"Nicolas Carboneras\" srcset=\"https:\/\/vamosalaplaya.xyz\/wp-content\/uploads\/Betty.jpg 717w, https:\/\/vamosalaplaya.xyz\/wp-content\/uploads\/Betty-210x300.jpg 210w\" sizes=\"(max-width: 717px) 100vw, 717px\" \/><\/span><\/figure><\/div>\n<\/div><\/div><\/div>\n<\/div><\/div>\n","protected":false},"excerpt":{"rendered":"<p>Hola, Mi chiamo Nicolas, sono francese e vivo a Lione, dove esercito la professione di medico osteopata da oltre trent&#8217;anni. Per ulteriori informazioni su di me, visitate il sito medecin-osteo.fr. Conosco tutta la regione di Cabo de Gata dal 1965, poich\u00e9 ho avuto la fortuna di trascorrervi molte estati con i miei genitori, che avevano &#8230; <a title=\"Chi siamo\" class=\"read-more\" href=\"https:\/\/vamosalaplaya.xyz\/it\/quienes-somos\/\" aria-label=\"Per saperne di pi\u00f9 su Chi siamo\">Leggi tutto<\/a><\/p>\n","protected":false},"author":1,"featured_media":0,"parent":0,"menu_order":0,"comment_status":"closed","ping_status":"closed","template":"","meta":{"_seopress_robots_primary_cat":"","_seopress_titles_title":"Chi siamo vamosalaplaya.xyz","_seopress_titles_desc":"Scopri chi sono i padroni di casa di Vamosalaplaya","_seopress_robots_index":"","footnotes":""},"class_list":["post-4062","page","type-page","status-publish"],"_links":{"self":[{"href":"https:\/\/vamosalaplaya.xyz\/it\/wp-json\/wp\/v2\/pages\/4062","targetHints":{"allow":["GET"]}}],"collection":[{"href":"https:\/\/vamosalaplaya.xyz\/it\/wp-json\/wp\/v2\/pages"}],"about":[{"href":"https:\/\/vamosalaplaya.xyz\/it\/wp-json\/wp\/v2\/types\/page"}],"author":[{"embeddable":true,"href":"https:\/\/vamosalaplaya.xyz\/it\/wp-json\/wp\/v2\/users\/1"}],"replies":[{"embeddable":true,"href":"https:\/\/vamosalaplaya.xyz\/it\/wp-json\/wp\/v2\/comments?post=4062"}],"version-history":[{"count":1,"href":"https:\/\/vamosalaplaya.xyz\/it\/wp-json\/wp\/v2\/pages\/4062\/revisions"}],"predecessor-version":[{"id":4134,"href":"https:\/\/vamosalaplaya.xyz\/it\/wp-json\/wp\/v2\/pages\/4062\/revisions\/4134"}],"wp:attachment":[{"href":"https:\/\/vamosalaplaya.xyz\/it\/wp-json\/wp\/v2\/media?parent=4062"}],"curies":[{"name":"wp","href":"https:\/\/api.w.org\/{rel}","templated":true}]}}