{"id":6842,"date":"2026-01-31T17:19:04","date_gmt":"2026-01-31T16:19:04","guid":{"rendered":"https:\/\/vamosalaplaya.xyz\/?page_id=6842"},"modified":"2026-01-31T17:22:19","modified_gmt":"2026-01-31T16:22:19","slug":"los-nopalitos-grande-maison-pour-10-personnes","status":"publish","type":"page","link":"https:\/\/vamosalaplaya.xyz\/fr\/los-nopalitos-grande-maison-pour-10-personnes\/","title":{"rendered":"Los Nopalitos : Grande maison pour 10 personnes"},"content":{"rendered":"\n<h1 class=\"wp-block-heading has-accent-color has-text-color has-link-color has-x-large-font-size wp-elements-c046c1366182287d416893096d0893c1\">Los Nopalitos : Grande maison pour 10 personnes<\/h1>\n\n\n\n<p class=\"has-large-font-size\">Une vaste maison sur la colline, compl\u00e8tement r\u00e9nov\u00e9e et tr\u00e8s confortable, avec vue sur les montagnes \u00e0 3 km de la mer et de Carboneras.<\/p>\n\n\n\n<p><\/p>\n","protected":false},"excerpt":{"rendered":"<p>Los Nopalitos : Grande maison pour 10 personnes Une vaste maison sur la colline, compl\u00e8tement r\u00e9nov\u00e9e et tr\u00e8s confortable, avec vue sur les montagnes \u00e0 3 km de la mer et de Carboneras.<\/p>\n","protected":false},"author":3,"featured_media":6836,"parent":0,"menu_order":0,"comment_status":"closed","ping_status":"closed","template":"","meta":{"_seopress_robots_primary_cat":"","_seopress_titles_title":"","_seopress_titles_desc":"","_seopress_robots_index":"","footnotes":""},"class_list":["post-6842","page","type-page","status-publish","has-post-thumbnail"],"_links":{"self":[{"href":"https:\/\/vamosalaplaya.xyz\/fr\/wp-json\/wp\/v2\/pages\/6842","targetHints":{"allow":["GET"]}}],"collection":[{"href":"https:\/\/vamosalaplaya.xyz\/fr\/wp-json\/wp\/v2\/pages"}],"about":[{"href":"https:\/\/vamosalaplaya.xyz\/fr\/wp-json\/wp\/v2\/types\/page"}],"author":[{"embeddable":true,"href":"https:\/\/vamosalaplaya.xyz\/fr\/wp-json\/wp\/v2\/users\/3"}],"replies":[{"embeddable":true,"href":"https:\/\/vamosalaplaya.xyz\/fr\/wp-json\/wp\/v2\/comments?post=6842"}],"version-history":[{"count":2,"href":"https:\/\/vamosalaplaya.xyz\/fr\/wp-json\/wp\/v2\/pages\/6842\/revisions"}],"predecessor-version":[{"id":6848,"href":"https:\/\/vamosalaplaya.xyz\/fr\/wp-json\/wp\/v2\/pages\/6842\/revisions\/6848"}],"wp:featuredmedia":[{"embeddable":true,"href":"https:\/\/vamosalaplaya.xyz\/fr\/wp-json\/wp\/v2\/media\/6836"}],"wp:attachment":[{"href":"https:\/\/vamosalaplaya.xyz\/fr\/wp-json\/wp\/v2\/media?parent=6842"}],"curies":[{"name":"wp","href":"https:\/\/api.w.org\/{rel}","templated":true}]}}