{"id":4068,"date":"2025-04-04T15:22:06","date_gmt":"2025-04-04T13:22:06","guid":{"rendered":"https:\/\/vamosalaplaya.xyz\/galeria-de-fotos-estudio-1\/"},"modified":"2025-10-17T23:52:02","modified_gmt":"2025-10-17T21:52:02","slug":"galeria-de-fotos-estudio-1","status":"publish","type":"page","link":"https:\/\/vamosalaplaya.xyz\/fr\/galeria-de-fotos-estudio-1\/","title":{"rendered":"Galerie photos studio 1"},"content":{"rendered":"<div class=\"gb-container gb-container-e634d9fb\">\n<div class=\"gb-container gb-container-22d84eca\">\n\n<h1 class=\"gb-headline gb-headline-aecfb06b gb-headline-text\"> <strong>Studio \u00e0 Carboneras<\/strong> pour 2 personnes \u00ab<em>Los Nopalitos 1<\/em> \u00bb<\/h1>\n\n<\/div>\n<\/div>\n\n<div class=\"gb-container gb-container-6dbe6563\">\n<div class=\"gb-container gb-container-4f997873\">\n\n<h3 class=\"gb-headline gb-headline-3a42454d\"><span class=\"gb-icon\"><svg viewBox=\"0 0 200 89.68\" xmlns=\"http:\/\/www.w3.org\/2000\/svg\" data-name=\"Layer 1\"><path d=\"M100 26.67c26.16 0 41.14-17.89 67.65-17.89 10.5 0 22.63 3.14 32.35 7.88V8.22C190.47 3.33 178.17 0 167.65 0c-26 0-41 17.89-67.65 17.89S58.33 0 32.35 0C21.83 0 9.52 3.33 0 8.22v8.44c9.72-4.74 21.85-7.88 32.35-7.88 26.51 0 41.49 17.89 67.65 17.89Zm100 53v-8.44c-9.53-4.89-21.83-8.23-32.35-8.23-26 0-41 17.89-67.66 17.89S58.31 63 32.35 63C21.83 63 9.52 66.34 0 71.23v8.45c9.72-4.75 21.85-7.89 32.35-7.89 26.49 0 41.5 17.89 67.64 17.89s41.15-17.89 67.65-17.89c10.51 0 22.64 3.14 32.36 7.89Zm-100-22c26.15 0 41.14-17.88 67.65-17.88 10.5 0 22.63 3.14 32.35 7.88v-8.43c-9.53-4.89-21.83-8.24-32.35-8.24-26 0-41 17.9-67.65 17.9S58.31 31 32.35 31C21.83 31 9.52 34.35 0 39.24v8.45c9.72-4.69 21.85-7.88 32.35-7.88 26.51 0 41.5 17.88 67.65 17.88Z\"><\/path><\/svg><\/span><span class=\"gb-headline-text\"><strong><strong>Quelques-unes de nos photos pr\u00e9f\u00e9r\u00e9es<\/strong><\/strong><\/span><\/h3>\n\n\n\n<figure class=\"wp-block-gallery has-nested-images columns-1 is-cropped wp-block-gallery-1 is-layout-flex wp-block-gallery-is-layout-flex\">\n<figure class=\"wp-block-image size-large\"><img decoding=\"async\" width=\"1024\" height=\"768\" data-id=\"3566\" src=\"https:\/\/vamosalaplaya.xyz\/wp-content\/uploads\/Alquilar-un-estudio-en-Carboneras-2-1024x768.jpg\" alt=\"\" class=\"wp-image-3566\" srcset=\"https:\/\/vamosalaplaya.xyz\/wp-content\/uploads\/Alquilar-un-estudio-en-Carboneras-2-1024x768.jpg 1024w, https:\/\/vamosalaplaya.xyz\/wp-content\/uploads\/Alquilar-un-estudio-en-Carboneras-2-300x225.jpg 300w, https:\/\/vamosalaplaya.xyz\/wp-content\/uploads\/Alquilar-un-estudio-en-Carboneras-2-768x576.jpg 768w, https:\/\/vamosalaplaya.xyz\/wp-content\/uploads\/Alquilar-un-estudio-en-Carboneras-2.jpg 1440w\" sizes=\"(max-width: 1024px) 100vw, 1024px\" \/><\/figure>\n\n\n\n<figure class=\"wp-block-image size-large\"><img decoding=\"async\" width=\"1024\" height=\"768\" data-id=\"3571\" src=\"https:\/\/vamosalaplaya.xyz\/wp-content\/uploads\/Alquilar-un-estudio-en-Carboneras-6-1024x768.jpg\" alt=\"\" class=\"wp-image-3571\" srcset=\"https:\/\/vamosalaplaya.xyz\/wp-content\/uploads\/Alquilar-un-estudio-en-Carboneras-6-1024x768.jpg 1024w, https:\/\/vamosalaplaya.xyz\/wp-content\/uploads\/Alquilar-un-estudio-en-Carboneras-6-300x225.jpg 300w, https:\/\/vamosalaplaya.xyz\/wp-content\/uploads\/Alquilar-un-estudio-en-Carboneras-6-768x576.jpg 768w, https:\/\/vamosalaplaya.xyz\/wp-content\/uploads\/Alquilar-un-estudio-en-Carboneras-6.jpg 1440w\" sizes=\"(max-width: 1024px) 100vw, 1024px\" \/><\/figure>\n\n\n\n<figure class=\"wp-block-image size-large\"><img decoding=\"async\" width=\"1024\" height=\"768\" data-id=\"3576\" src=\"https:\/\/vamosalaplaya.xyz\/wp-content\/uploads\/Alquilar-un-estudio-en-Carboneras-7-1024x768.jpg\" alt=\"\" class=\"wp-image-3576\" srcset=\"https:\/\/vamosalaplaya.xyz\/wp-content\/uploads\/Alquilar-un-estudio-en-Carboneras-7-1024x768.jpg 1024w, https:\/\/vamosalaplaya.xyz\/wp-content\/uploads\/Alquilar-un-estudio-en-Carboneras-7-300x225.jpg 300w, https:\/\/vamosalaplaya.xyz\/wp-content\/uploads\/Alquilar-un-estudio-en-Carboneras-7-768x576.jpg 768w, https:\/\/vamosalaplaya.xyz\/wp-content\/uploads\/Alquilar-un-estudio-en-Carboneras-7.jpg 1440w\" sizes=\"(max-width: 1024px) 100vw, 1024px\" \/><\/figure>\n\n\n\n<figure class=\"wp-block-image size-large\"><img decoding=\"async\" width=\"1024\" height=\"768\" data-id=\"3581\" src=\"https:\/\/vamosalaplaya.xyz\/wp-content\/uploads\/Alquilar-un-estudio-en-Carboneras-9-1024x768.jpg\" alt=\"\" class=\"wp-image-3581\" srcset=\"https:\/\/vamosalaplaya.xyz\/wp-content\/uploads\/Alquilar-un-estudio-en-Carboneras-9-1024x768.jpg 1024w, https:\/\/vamosalaplaya.xyz\/wp-content\/uploads\/Alquilar-un-estudio-en-Carboneras-9-300x225.jpg 300w, https:\/\/vamosalaplaya.xyz\/wp-content\/uploads\/Alquilar-un-estudio-en-Carboneras-9-768x576.jpg 768w, https:\/\/vamosalaplaya.xyz\/wp-content\/uploads\/Alquilar-un-estudio-en-Carboneras-9.jpg 1440w\" sizes=\"(max-width: 1024px) 100vw, 1024px\" \/><\/figure>\n\n\n\n<figure class=\"wp-block-image size-large\"><img decoding=\"async\" width=\"1024\" height=\"768\" data-id=\"3586\" src=\"https:\/\/vamosalaplaya.xyz\/wp-content\/uploads\/Alquilar-un-estudio-en-Carboneras-8-1024x768.jpg\" alt=\"\" class=\"wp-image-3586\" srcset=\"https:\/\/vamosalaplaya.xyz\/wp-content\/uploads\/Alquilar-un-estudio-en-Carboneras-8-1024x768.jpg 1024w, https:\/\/vamosalaplaya.xyz\/wp-content\/uploads\/Alquilar-un-estudio-en-Carboneras-8-300x225.jpg 300w, https:\/\/vamosalaplaya.xyz\/wp-content\/uploads\/Alquilar-un-estudio-en-Carboneras-8-768x576.jpg 768w, https:\/\/vamosalaplaya.xyz\/wp-content\/uploads\/Alquilar-un-estudio-en-Carboneras-8.jpg 1440w\" sizes=\"(max-width: 1024px) 100vw, 1024px\" \/><\/figure>\n\n\n\n<figure class=\"wp-block-image size-large\"><img decoding=\"async\" width=\"1024\" height=\"768\" data-id=\"3591\" src=\"https:\/\/vamosalaplaya.xyz\/wp-content\/uploads\/Alquilar-un-estudio-en-Carboneras-10-1024x768.jpg\" alt=\"\" class=\"wp-image-3591\" srcset=\"https:\/\/vamosalaplaya.xyz\/wp-content\/uploads\/Alquilar-un-estudio-en-Carboneras-10-1024x768.jpg 1024w, https:\/\/vamosalaplaya.xyz\/wp-content\/uploads\/Alquilar-un-estudio-en-Carboneras-10-300x225.jpg 300w, https:\/\/vamosalaplaya.xyz\/wp-content\/uploads\/Alquilar-un-estudio-en-Carboneras-10-768x576.jpg 768w, https:\/\/vamosalaplaya.xyz\/wp-content\/uploads\/Alquilar-un-estudio-en-Carboneras-10.jpg 1440w\" sizes=\"(max-width: 1024px) 100vw, 1024px\" \/><\/figure>\n<\/figure>\n\n<\/div>\n<\/div>","protected":false},"excerpt":{"rendered":"<p>Studio \u00e0 Carboneras pour 2 personnes \u00abLos Nopalitos 1 \u00bb Quelques-unes de nos photos pr\u00e9f\u00e9r\u00e9es<\/p>\n","protected":false},"author":1,"featured_media":0,"parent":0,"menu_order":0,"comment_status":"closed","ping_status":"closed","template":"","meta":{"_seopress_robots_primary_cat":"","_seopress_titles_title":"Louer un studio \u00e0 Carboneras","_seopress_titles_desc":"Louer un studio \u00e0 Carboneras","_seopress_robots_index":"","footnotes":""},"class_list":["post-4068","page","type-page","status-publish"],"_links":{"self":[{"href":"https:\/\/vamosalaplaya.xyz\/fr\/wp-json\/wp\/v2\/pages\/4068","targetHints":{"allow":["GET"]}}],"collection":[{"href":"https:\/\/vamosalaplaya.xyz\/fr\/wp-json\/wp\/v2\/pages"}],"about":[{"href":"https:\/\/vamosalaplaya.xyz\/fr\/wp-json\/wp\/v2\/types\/page"}],"author":[{"embeddable":true,"href":"https:\/\/vamosalaplaya.xyz\/fr\/wp-json\/wp\/v2\/users\/1"}],"replies":[{"embeddable":true,"href":"https:\/\/vamosalaplaya.xyz\/fr\/wp-json\/wp\/v2\/comments?post=4068"}],"version-history":[{"count":2,"href":"https:\/\/vamosalaplaya.xyz\/fr\/wp-json\/wp\/v2\/pages\/4068\/revisions"}],"predecessor-version":[{"id":5027,"href":"https:\/\/vamosalaplaya.xyz\/fr\/wp-json\/wp\/v2\/pages\/4068\/revisions\/5027"}],"wp:attachment":[{"href":"https:\/\/vamosalaplaya.xyz\/fr\/wp-json\/wp\/v2\/media?parent=4068"}],"curies":[{"name":"wp","href":"https:\/\/api.w.org\/{rel}","templated":true}]}}