{"id":4060,"date":"2025-04-04T10:15:25","date_gmt":"2025-04-04T08:15:25","guid":{"rendered":"https:\/\/vamosalaplaya.xyz\/quienes-somos\/"},"modified":"2025-04-28T10:04:15","modified_gmt":"2025-04-28T08:04:15","slug":"quienes-somos","status":"publish","type":"page","link":"https:\/\/vamosalaplaya.xyz\/fr\/quienes-somos\/","title":{"rendered":"Qui sommes-nous ?"},"content":{"rendered":"\n<div class=\"wp-block-stackable-columns stk-block-columns stk-block stk-5f86ea5\" data-block-id=\"5f86ea5\"><div class=\"stk-row stk-inner-blocks stk-block-content stk-content-align stk-5f86ea5-column\">\n<div class=\"wp-block-stackable-column stk-block-column stk-column stk-block stk-a55fcbe\" data-v=\"4\" data-block-id=\"a55fcbe\"><div class=\"stk-column-wrapper stk-block-column__content stk-container stk-a55fcbe-container stk--no-background stk--no-padding\"><div class=\"stk-block-content stk-inner-blocks stk-a55fcbe-inner-blocks\">\n<div class=\"wp-block-stackable-image stk-block-image stk-block stk-0dcdebe\" data-block-id=\"0dcdebe\"><style>.stk-0dcdebe .stk-img-wrapper{width:250px !important;}<\/style><figure><span class=\"stk-img-wrapper stk-image--shape-stretch\"><img decoding=\"async\" class=\"stk-img wp-image-3140\" src=\"https:\/\/vamosalaplaya.xyz\/wp-content\/uploads\/Nicolas.jpg\" width=\"369\" height=\"479\" alt=\"Nicolas Carboneras\" srcset=\"https:\/\/vamosalaplaya.xyz\/wp-content\/uploads\/Nicolas.jpg 369w, https:\/\/vamosalaplaya.xyz\/wp-content\/uploads\/Nicolas-231x300.jpg 231w\" sizes=\"(max-width: 369px) 100vw, 369px\" \/><\/span><\/figure><\/div>\n\n\n\n<p>Bonjour,<\/p>\n\n\n\n<p>Je m&rsquo;appelle Nicolas, je suis fran\u00e7ais et je vis \u00e0 Lyon, o\u00f9 j&rsquo;exerce en tant que m\u00e9decin ost\u00e9opathe depuis plus de trente ans. Pour en savoir plus sur moi, rendez-vous sur <a href=\"https:\/\/www.medecin-osteo.fr\/\">medecin-osteo.fr<\/a>.<\/p>\n\n\n\n<p>Je connais toute la r\u00e9gion du <a href=\"https:\/\/vamosalaplaya.xyz\/fr\/cabo-de-gata\/3783\/\"><strong>Cap de Gata<\/strong><\/a> depuis 1965, car j&rsquo;ai eu la chance d&rsquo;y passer de nombreux \u00e9t\u00e9s avec mes parents, qui s&rsquo;\u00e9taient lanc\u00e9s dans l&rsquo;aventure d&rsquo;acheter une petite maison de vacances pr\u00e8s d&rsquo;Almer\u00eda. \u00c0 l&rsquo;\u00e9poque, il fallait deux ou trois jours pour s&rsquo;y rendre, et c&rsquo;\u00e9tait toute une exp\u00e9dition de venir en voiture depuis la France, car l&rsquo;autoroute s&rsquo;arr\u00eatait \u00e0 Perpignan \u00e0 l&rsquo;\u00e9poque.<\/p>\n\n\n\n<p>Pr\u00e8s de 60 ans ont pass\u00e9, la r\u00e9gion a \u00e9norm\u00e9ment chang\u00e9, mais il existe encore des endroits qui sont rest\u00e9s absolument intacts, comme au premier jour, compl\u00e8tement pr\u00e9serv\u00e9s de la folie immobili\u00e8re. La maison de vacances familiale a d\u00fb \u00eatre vendue \u00e0 la mort de mes parents. J&rsquo;ai rapidement su que je ne pourrais jamais oublier cette partie de l&rsquo;Andalousie que j&rsquo;aime tant. J&rsquo;ai donc d\u00e9cid\u00e9 d&rsquo;acheter un appartement \u00e0 <a href=\"https:\/\/vamosalaplaya.xyz\/fr\/\">Carboneras<\/a>, un petit village encore tranquille, et un merveilleux point de d\u00e9part pour profiter de toutes les plages sauvages et des lieux o\u00f9 se trouvent encore les racines de mon enfance. Le plaisir d&rsquo;y revenir en \u00e9t\u00e9 ou hors saison est toujours intact, et je suis convaincu qu&rsquo;il existe ici des forces telluriques particuli\u00e8res qui contribuent \u00e0 un renouvellement mental et physique sans pareil en quelques jours. Je suis amoureux de cette r\u00e9gion depuis de nombreuses ann\u00e9es.<\/p>\n\n\n\n<p>Aqu\u00ed es donde naci\u00f3 la experiencia de&nbsp;<strong>\u00a1Vamos a Playa!<\/strong><\/p>\n\n\n\n<p>D&rsquo;abord, le grand appartement, achet\u00e9 en 2018, que j&rsquo;ai mis sur Airbnb pour pouvoir payer plus facilement l&rsquo;hypoth\u00e8que.<\/p>\n<\/div><\/div><\/div>\n\n\n\n<div class=\"wp-block-stackable-column stk-block-column stk-column stk-block stk-c519d67\" data-v=\"4\" data-block-id=\"c519d67\"><div class=\"stk-column-wrapper stk-block-column__content stk-container stk-c519d67-container stk--no-background stk--no-padding\"><div class=\"stk-block-content stk-inner-blocks stk-c519d67-inner-blocks\">\n<p>D\u00e8s le d\u00e9but, j&rsquo;ai voulu cr\u00e9er quelque chose de diff\u00e9rent, quelque chose de plus raffin\u00e9, vraiment bien \u00e9quip\u00e9, o\u00f9 l&rsquo;on se sent imm\u00e9diatement chez soi et non dans une location impersonnelle comme on en trouve tant. Apr\u00e8s quelques allers-retours depuis la France, dont deux avec une camionnette de 20 m\u00b3 remplie de meubles trouv\u00e9s dans des brocantes, le premier appartement \u00e9tait pr\u00eat, et ce fut un succ\u00e8s imm\u00e9diat sur Airbnb et Booking.<\/p>\n\n\n\n<p>Les avis des locataires parlent d&rsquo;eux-m\u00eames. C&rsquo;est pourquoi je n&rsquo;ai pas h\u00e9sit\u00e9 \u00e0 investir deux ans plus tard dans un deuxi\u00e8me appartement avec une terrasse tout aussi agr\u00e9able, situ\u00e9 dans le m\u00eame immeuble pr\u00e8s de la plage.<\/p>\n\n\n\n<p>Airbnb et Booking sont d&rsquo;excellents tremplins pour les locations meubl\u00e9es. Malheureusement, ces services sont tr\u00e8s co\u00fbteux tant pour vous, le locataire, que pour moi, le propri\u00e9taire.<\/p>\n\n\n\n<p>C&rsquo;est pourquoi je n&rsquo;ai pas h\u00e9sit\u00e9 \u00e0 cr\u00e9er ce site web, qui me permet d&rsquo;offrir des prix plus attractifs afin que chacun puisse trouver son bonheur. Et je suis ravi de compter un nombre croissant de locataires fid\u00e8les qui reviennent ann\u00e9e apr\u00e8s ann\u00e9e dans \u00ab leur appartement \u00bb et qui n&rsquo;envisageraient pour rien au monde de passer par Booking ou Airbnb !<\/p>\n\n\n\n<p>Sur place, vous serez accueilli par Betty qui, apr\u00e8s avoir nettoy\u00e9 et pr\u00e9par\u00e9 l&rsquo;appartement pour vous, vous remettra les cl\u00e9s et vous fera visiter les lieux en d\u00e9tail. Betty est toujours souriante et de bonne humeur. Elle est incroyablement efficace pour r\u00e9soudre tous les probl\u00e8mes, petits ou grands. Sans elle, louer deux appartements depuis la France en toute tranquillit\u00e9 serait probablement impossible&#8230;<\/p>\n\n\n\n<div class=\"wp-block-stackable-image stk-block-image stk-block stk-f8401e4\" data-block-id=\"f8401e4\"><style>.stk-f8401e4 .stk-img-wrapper{width:250px !important;}<\/style><figure><span class=\"stk-img-wrapper stk-image--shape-stretch\"><img decoding=\"async\" class=\"stk-img wp-image-3145\" src=\"https:\/\/vamosalaplaya.xyz\/wp-content\/uploads\/Betty.jpg\" width=\"717\" height=\"1024\" alt=\"Nicolas Carboneras\" srcset=\"https:\/\/vamosalaplaya.xyz\/wp-content\/uploads\/Betty.jpg 717w, https:\/\/vamosalaplaya.xyz\/wp-content\/uploads\/Betty-210x300.jpg 210w\" sizes=\"(max-width: 717px) 100vw, 717px\" \/><\/span><\/figure><\/div>\n<\/div><\/div><\/div>\n<\/div><\/div>\n","protected":false},"excerpt":{"rendered":"<p>Bonjour, Je m&rsquo;appelle Nicolas, je suis fran\u00e7ais et je vis \u00e0 Lyon, o\u00f9 j&rsquo;exerce en tant que m\u00e9decin ost\u00e9opathe depuis plus de trente ans. Pour en savoir plus sur moi, rendez-vous sur medecin-osteo.fr. Je connais toute la r\u00e9gion du Cap de Gata depuis 1965, car j&rsquo;ai eu la chance d&rsquo;y passer de nombreux \u00e9t\u00e9s avec &#8230; <a title=\"Qui sommes-nous ?\" class=\"read-more\" href=\"https:\/\/vamosalaplaya.xyz\/fr\/quienes-somos\/\" aria-label=\"En savoir plus sur Qui sommes-nous ?\">Lire plus<\/a><\/p>\n","protected":false},"author":1,"featured_media":0,"parent":0,"menu_order":0,"comment_status":"closed","ping_status":"closed","template":"","meta":{"_seopress_robots_primary_cat":"","_seopress_titles_title":"Qui sommes-nous ? vamosalaplaya.xyz","_seopress_titles_desc":"D\u00e9couvrez qui sont les animateurs de Vamosalaplaya","_seopress_robots_index":"","footnotes":""},"class_list":["post-4060","page","type-page","status-publish"],"_links":{"self":[{"href":"https:\/\/vamosalaplaya.xyz\/fr\/wp-json\/wp\/v2\/pages\/4060","targetHints":{"allow":["GET"]}}],"collection":[{"href":"https:\/\/vamosalaplaya.xyz\/fr\/wp-json\/wp\/v2\/pages"}],"about":[{"href":"https:\/\/vamosalaplaya.xyz\/fr\/wp-json\/wp\/v2\/types\/page"}],"author":[{"embeddable":true,"href":"https:\/\/vamosalaplaya.xyz\/fr\/wp-json\/wp\/v2\/users\/1"}],"replies":[{"embeddable":true,"href":"https:\/\/vamosalaplaya.xyz\/fr\/wp-json\/wp\/v2\/comments?post=4060"}],"version-history":[{"count":1,"href":"https:\/\/vamosalaplaya.xyz\/fr\/wp-json\/wp\/v2\/pages\/4060\/revisions"}],"predecessor-version":[{"id":4091,"href":"https:\/\/vamosalaplaya.xyz\/fr\/wp-json\/wp\/v2\/pages\/4060\/revisions\/4091"}],"wp:attachment":[{"href":"https:\/\/vamosalaplaya.xyz\/fr\/wp-json\/wp\/v2\/media?parent=4060"}],"curies":[{"name":"wp","href":"https:\/\/api.w.org\/{rel}","templated":true}]}}