{"id":4578,"date":"2025-07-01T17:48:20","date_gmt":"2025-07-01T15:48:20","guid":{"rendered":"https:\/\/vamosalaplaya.xyz\/?page_id=4578"},"modified":"2025-07-01T18:25:37","modified_gmt":"2025-07-01T16:25:37","slug":"allgemeine-geschaeftsbedingungen","status":"publish","type":"page","link":"https:\/\/vamosalaplaya.xyz\/de\/allgemeine-geschaeftsbedingungen\/","title":{"rendered":"AG"},"content":{"rendered":"\n<div class=\"wp-block-stackable-columns stk-block-columns stk-block stk-5f86ea5\" data-block-id=\"5f86ea5\"><div class=\"stk-row stk-inner-blocks stk-block-content stk-content-align stk-5f86ea5-column\">\n<div class=\"wp-block-stackable-column stk-block-column stk-column stk-block stk-a55fcbe\" data-v=\"4\" data-block-id=\"a55fcbe\"><div class=\"stk-column-wrapper stk-block-column__content stk-container stk-a55fcbe-container stk--no-background stk--no-padding\"><div class=\"stk-block-content stk-inner-blocks stk-a55fcbe-inner-blocks\">\n<div class=\"wp-block-stackable-heading stk-block-heading stk-block-heading--v2 stk-block stk-dce3f7d\" id=\"strong-allgemeine-geschaftsbedingungen-strong\" data-block-id=\"dce3f7d\"><style>.stk-dce3f7d {margin-bottom:150px !important;}<\/style><h1 class=\"stk-block-heading__text\"><strong>ALLGEMEINE GESCH\u00c4FTSBEDINGUNGEN<\/strong><\/h1><\/div>\n\n\n\n<div class=\"wp-block-stackable-heading stk-block-heading stk-block-heading--v2 stk-block stk-c42b1e1\" id=\"direktbuchung-welche-vorteile-bietet-sie\" data-block-id=\"c42b1e1\"><h2 class=\"stk-block-heading__text\">DIREKTBUCHUNG: WELCHE VORTEILE BIETET SIE?<\/h2><\/div>\n\n\n\n<ul class=\"wp-block-list\">\n<li>Die Preise bei Airbnb oder Booking sind erh\u00f6ht \u2013 Sie zahlen die Provision!<\/li>\n\n\n\n<li>Noch vorteilhaftere Stornobedingungen als bei Airbnb oder Booking.<\/li>\n\n\n\n<li>Mehr Sicherheit: Sie bezahlen erst bei Ankunft, nachdem Sie die Wohnung betreten haben \u2013 keine b\u00f6sen \u00dcberraschungen oder nicht existente \u201eGeisterwohnungen\u201c!<\/li>\n\n\n\n<li>Swikly\u2011Kaution wird bei der Buchung nicht belastet (siehe unten).<\/li>\n\n\n\n<li>Schneller Ansprechpartner per Telefon oder WhatsApp.<\/li>\n\n\n\n<li>Seit 2018 durchweg positive Bewertungen von Reisenden aus aller Welt.<\/li>\n<\/ul>\n\n\n\n<div class=\"wp-block-stackable-heading stk-block-heading stk-block-heading--v2 stk-block stk-49ebd61\" id=\"preise-der-aufenthalte\" data-block-id=\"49ebd61\"><h2 class=\"stk-block-heading__text\">PREISE DER AUFENTHALTE<\/h2><\/div>\n\n\n\n<ul id=\"prix-des-sejours\" class=\"wp-block-list\">\n<li>Die im Kalender angegebenen Preise gelten f\u00fcr 1 bis 4 Personen. Ab der 5. Person kommen 8\u202fEuro pro Person und Tag hinzu.<\/li>\n\n\n\n<li>Die Preise sind All\u2011Inclusive (Unterkunft, Wasser und Strom, Bettw\u00e4sche und Handt\u00fccher, Duschgel und Shampoo).<\/li>\n\n\n\n<li>Anreise ab 16\u00a0Uhr, Abreise bis 11\u00a0Uhr.<\/li>\n\n\n\n<li>Hunde und andere Tiere sind ohne Aufpreis erlaubt (au\u00dfer im Studio\u00a02), sofern sie sauber und gut erzogen sind.<\/li>\n<\/ul>\n\n\n\n<div class=\"wp-block-stackable-heading stk-block-heading stk-block-heading--v2 stk-block stk-7b81a91\" id=\"dauer-des-aufenthalts\" data-block-id=\"7b81a91\"><h2 class=\"stk-block-heading__text\">DAUER DES AUFENTHALTS<\/h2><\/div>\n\n\n\n<ul id=\"duree-du-sejour\" class=\"wp-block-list\">\n<li>Grunds\u00e4tzlich werden Aufenthalte von weniger als 4 N\u00e4chten nicht akzeptiert, doch jede Anfrage kann gepr\u00fcft werden.<\/li>\n\n\n\n<li>Vom letzten Samstag im Juni bis zum letzten Samstag im September, w\u00e4hrend der Karwoche und in der Woche, die den 6. und 8.\u00a0Dezember umfasst, beginnen Aufenthalte samstags und m\u00fcssen mindestens 7 Tage dauern.<\/li>\n\n\n\n<li>F\u00fcr Aufenthalte von mehr als 16 Tagen kann ein Rabatt gew\u00e4hrt werden.<\/li>\n<\/ul>\n\n\n\n<div class=\"wp-block-stackable-heading stk-block-heading stk-block-heading--v2 stk-block stk-e7e9a3b\" id=\"buchungs-und-kautionsverfahren\" data-block-id=\"e7e9a3b\"><h2 class=\"stk-block-heading__text\">BUCHUNGS\u2011 UND KAUTIONSVERFAHREN<\/h2><\/div>\n\n\n\n<ul id=\"procedures-de-reservation-et-dacompte\" class=\"wp-block-list\">\n<li>Buchungen erfolgen \u00fcber das Formular auf dieser Seite.<\/li>\n\n\n\n<li>Nach unserer Best\u00e4tigung m\u00fcssen Sie die Registrierung Ihrer Kreditkarte \u00fcber SWIKLY validieren. Dies best\u00e4tigt Ihre Buchung und dient als Kaution f\u00fcr eventuelle Sch\u00e4den in der Wohnung w\u00e4hrend Ihres Aufenthalts.<\/li>\n\n\n\n<li>Dieser Betrag wird zu keinem Zeitpunkt von Ihrem Konto abgebucht und beeinflusst nicht das Kreditlimit Ihrer Karte.<\/li>\n\n\n\n<li>Die Kaution betr\u00e4gt 300\u00a0Euro f\u00fcr 1 bis 4 Personen und 500\u00a0Euro f\u00fcr mehr als 4 Personen.<\/li>\n\n\n\n<li>Wenn alles in Ordnung war, wird diese Kaution 10\u00a0Tage nach Ihrer Abreise automatisch aufgehoben. F\u00fcr weitere Informationen klicken Sie hier.<\/li>\n<\/ul>\n\n\n\n<div class=\"wp-block-stackable-heading stk-block-heading stk-block-heading--v2 stk-block stk-d3dc7c9\" id=\"stornierung\" data-block-id=\"d3dc7c9\"><h2 class=\"stk-block-heading__text\">STORNIERUNG<\/h2><\/div>\n\n\n\n<ul id=\"annulation\" class=\"wp-block-list\">\n<li>Wie bei Airbnb oder Booking ist die Stornierung bis 24\u00a0Stunden vor Ihrer Ankunft kostenlos (also bis 15:59\u00a0Uhr des Vortages).<\/li>\n\n\n\n<li>Nach Ablauf dieser Frist wird nur der Betrag Ihrer Swikly\u2011Kaution abgebucht.<\/li>\n\n\n\n<li>Zum Vergleich: Bei Booking wird der Gesamtpreis des Aufenthalts belastet, und bei Airbnb werden Ihnen die erste Nacht zuz\u00fcglich Servicegeb\u00fchren in Rechnung gestellt.<\/li>\n<\/ul>\n\n\n\n<div class=\"wp-block-stackable-heading stk-block-heading stk-block-heading--v2 stk-block stk-b10952e\" id=\"zahlungsbedingungen\" data-block-id=\"b10952e\"><h2 class=\"stk-block-heading__text\">ZAHLUNGSBEDINGUNGEN<\/h2><\/div>\n\n\n\n<ul id=\"conditions-de-paiement\" class=\"wp-block-list\">\n<li>Die vollst\u00e4ndige Zahlung des Aufenthalts erfolgt per Bank\u00fcberweisung am Tag Ihrer Ankunft, nachdem Sie die Unterkunft betreten haben.<\/li>\n\n\n\n<li>Wenn Sie au\u00dferhalb Europas wohnen und keine SEPA\u2011\u00dcberweisung vornehmen k\u00f6nnen, kann die Zahlung per Kreditkarte \u00fcber SWIKLY mit einem Aufpreis von 1,8\u202f% des Gesamtbetrags des Aufenthalts erfolgen.<\/li>\n<\/ul>\n\n\n\n<div class=\"wp-block-stackable-heading stk-block-heading stk-block-heading--v2 stk-block stk-aaca802\" id=\"wichtige-informationen\" data-block-id=\"aaca802\"><h2 class=\"stk-block-heading__text\">WICHTIGE INFORMATIONEN<\/h2><\/div>\n\n\n\n<ul class=\"wp-block-list\">\n<li>Die Unterk\u00fcnfte werden ausschlie\u00dflich f\u00fcr die bei der Buchung angegebene Personenzahl vermietet.<\/li>\n\n\n\n<li>Partys sind strengstens verboten.<\/li>\n\n\n\n<li>Rauchen ist in allen Unterk\u00fcnften verboten.<\/li>\n\n\n\n<li>Es wird keine Reinigungsgeb\u00fchr erhoben, sofern die Wohnung in gutem Zustand hinterlassen wird. Andernfalls kann eine Reinigungsgeb\u00fchr von 90\u00a0Euro berechnet werden, die nach der Abnahme bei der Abreise von Ihrer virtuellen SWIKLY\u2011Kaution abgezogen wird. Bislang ist dies noch nie vorgekommen.<\/li>\n\n\n\n<li>Die spanischen Beh\u00f6rden verlangen, dass Sie uns Ihre Ausweis\u2011 oder Passnummer mitteilen; Sie m\u00fcssen uns diese vor Ihrer Ankunft \u00fcbermitteln.<\/li>\n\n\n\n<li>Wir behalten uns das Recht vor, eine Buchungsanfrage abzulehnen, wenn das Mieterprofil nicht geeignet erscheint, oder eine h\u00f6here Kaution zu verlangen, um die Einhaltung der Grundregeln und den Schutz der Wohnung sicherzustellen (z.\u202fB. bei einer Gruppe von Jugendlichen unter 21\u00a0Jahren).<\/li>\n\n\n\n<li>Diese Website ist https\u2011verschl\u00fcsselt und sicher: Ihr Name, Ihre Telefonnummer und Ihre E\u2011Mail\u2011Adresse werden niemals an Dritte weitergegeben.<\/li>\n\n\n\n<li>Swikly ist ein franz\u00f6sisches Unternehmen, das sich auf die Verwaltung von Mietkautionen jeder Art spezialisiert hat. Sie hinterlegen einen Kreditkartenabdruck \u00fcber einen bestimmten Betrag; dieser Betrag wird weder blockiert noch belastet, und das Limit Ihrer Kreditkarte wird zu keiner Zeit beeintr\u00e4chtigt \u2013 das ist der gro\u00dfe Vorteil dieses Systems.<\/li>\n<\/ul>\n<\/div><\/div><\/div>\n<\/div><\/div>\n","protected":false},"excerpt":{"rendered":"<p>ALLGEMEINE GESCH\u00c4FTSBEDINGUNGEN DIREKTBUCHUNG: WELCHE VORTEILE BIETET SIE? PREISE DER AUFENTHALTE DAUER DES AUFENTHALTS BUCHUNGS\u2011 UND KAUTIONSVERFAHREN STORNIERUNG ZAHLUNGSBEDINGUNGEN WICHTIGE INFORMATIONEN<\/p>\n","protected":false},"author":1,"featured_media":0,"parent":0,"menu_order":0,"comment_status":"closed","ping_status":"closed","template":"","meta":{"_seopress_robots_primary_cat":"","_seopress_titles_title":"ALLGEMEINE GESCH\u00c4FTSBEDINGUNGEN","_seopress_titles_desc":"ALLGEMEINE GESCH\u00c4FTSBEDINGUNGEN","_seopress_robots_index":"","footnotes":""},"class_list":["post-4578","page","type-page","status-publish"],"_links":{"self":[{"href":"https:\/\/vamosalaplaya.xyz\/de\/wp-json\/wp\/v2\/pages\/4578","targetHints":{"allow":["GET"]}}],"collection":[{"href":"https:\/\/vamosalaplaya.xyz\/de\/wp-json\/wp\/v2\/pages"}],"about":[{"href":"https:\/\/vamosalaplaya.xyz\/de\/wp-json\/wp\/v2\/types\/page"}],"author":[{"embeddable":true,"href":"https:\/\/vamosalaplaya.xyz\/de\/wp-json\/wp\/v2\/users\/1"}],"replies":[{"embeddable":true,"href":"https:\/\/vamosalaplaya.xyz\/de\/wp-json\/wp\/v2\/comments?post=4578"}],"version-history":[{"count":2,"href":"https:\/\/vamosalaplaya.xyz\/de\/wp-json\/wp\/v2\/pages\/4578\/revisions"}],"predecessor-version":[{"id":4583,"href":"https:\/\/vamosalaplaya.xyz\/de\/wp-json\/wp\/v2\/pages\/4578\/revisions\/4583"}],"wp:attachment":[{"href":"https:\/\/vamosalaplaya.xyz\/de\/wp-json\/wp\/v2\/media?parent=4578"}],"curies":[{"name":"wp","href":"https:\/\/api.w.org\/{rel}","templated":true}]}}