{"id":4549,"date":"2025-07-01T17:30:11","date_gmt":"2025-07-01T15:30:11","guid":{"rendered":"https:\/\/vamosalaplaya.xyz\/?page_id=4549"},"modified":"2025-07-01T17:30:11","modified_gmt":"2025-07-01T15:30:11","slug":"uber-uns","status":"publish","type":"page","link":"https:\/\/vamosalaplaya.xyz\/de\/uber-uns\/","title":{"rendered":"\u00dcber uns"},"content":{"rendered":"\n<div class=\"wp-block-stackable-columns stk-block-columns stk-block stk-5f86ea5\" data-block-id=\"5f86ea5\"><div class=\"stk-row stk-inner-blocks stk-block-content stk-content-align stk-5f86ea5-column\">\n<div class=\"wp-block-stackable-column stk-block-column stk-column stk-block stk-a55fcbe\" data-v=\"4\" data-block-id=\"a55fcbe\"><div class=\"stk-column-wrapper stk-block-column__content stk-container stk-a55fcbe-container stk--no-background stk--no-padding\"><div class=\"stk-block-content stk-inner-blocks stk-a55fcbe-inner-blocks\">\n<div class=\"wp-block-stackable-image stk-block-image stk-block stk-0dcdebe\" data-block-id=\"0dcdebe\"><style>.stk-0dcdebe .stk-img-wrapper{width:250px !important;}<\/style><figure><span class=\"stk-img-wrapper stk-image--shape-stretch\"><img decoding=\"async\" class=\"stk-img wp-image-3140\" src=\"https:\/\/vamosalaplaya.xyz\/wp-content\/uploads\/Nicolas.jpg\" width=\"369\" height=\"479\" alt=\"Nicolas Carboneras\" srcset=\"https:\/\/vamosalaplaya.xyz\/wp-content\/uploads\/Nicolas.jpg 369w, https:\/\/vamosalaplaya.xyz\/wp-content\/uploads\/Nicolas-231x300.jpg 231w\" sizes=\"(max-width: 369px) 100vw, 369px\" \/><\/span><\/figure><\/div>\n\n\n\n<p>Hola,<\/p>\n\n\n\n<p>Mein Name ist Nicolas, ich bin Franzose und lebe in Lyon, wo ich seit \u00fcber drei\u00dfig Jahren als Osteopath t\u00e4tig bin. Weitere Informationen \u00fcber mich finden Sie unter <a href=\"https:\/\/www.medecin-osteo.fr\/\">medecin-osteo.fr<\/a>.<\/p>\n\n\n\n<p>Ich kenne die gesamte Region <a href=\"https:\/\/vamosalaplaya.xyz\/de\/cabo-de-gata\/3784\/\"><strong>Cabo de Gata<\/strong><\/a> seit 1965, da ich das Gl\u00fcck hatte, dort viele Sommer mit meinen Eltern zu verbringen, die sich auf das Abenteuer eingelassen hatten, ein kleines Ferienhaus in der N\u00e4he von Almer\u00eda zu kaufen. Damals brauchte man zwei bis drei Tage, um dorthin zu gelangen, und es war eine echte Expedition, mit dem Auto aus Frankreich anzureisen, da die Autobahn damals in Perpignan endete.<\/p>\n\n\n\n<p>Fast 60 Jahre sind vergangen, die Region hat sich stark ver\u00e4ndert, aber es gibt immer noch Orte, die absolut unber\u00fchrt geblieben sind, wie am ersten Tag, v\u00f6llig verschont vom Immobilienwahnsinn. Das Ferienhaus meiner Familie musste verkauft werden, als meine Eltern starben. Ich wusste schnell, dass ich diesen Teil Andalusiens, den ich so liebe, niemals vergessen k\u00f6nnte. Also beschloss ich, eine Wohnung in <a href=\"https:\/\/vamosalaplaya.xyz\/de\/\">Carboneras<\/a> zu kaufen, einem kleinen, noch ruhigen Dorf und einem wunderbaren Ausgangspunkt, um all die wilden Str\u00e4nde und Orte zu genie\u00dfen, an denen meine Kindheit verwurzelt ist. Die Freude, im Sommer oder au\u00dferhalb der Saison zur\u00fcckzukehren, ist ungebrochen, und ich bin mir sicher, dass hier besondere Erdkr\u00e4fte wirken, die innerhalb weniger Tage zu einer unvergleichlichen geistigen und k\u00f6rperlichen Erneuerung beitragen. Ich bin seit vielen Jahren in diese Region verliebt.<\/p>\n\n\n\n<p>Aqu\u00ed es donde naci\u00f3 la experiencia de&nbsp;<strong>\u00a1Vamos a Playa!<\/strong><\/p>\n\n\n\n<p>Primero el piso grande, comprado en 2018, que puse en Airbnb para poder pagar la hipoteca m\u00e1s f\u00e1cilmente.&nbsp;<\/p>\n<\/div><\/div><\/div>\n\n\n\n<div class=\"wp-block-stackable-column stk-block-column stk-column stk-block stk-c519d67\" data-v=\"4\" data-block-id=\"c519d67\"><div class=\"stk-column-wrapper stk-block-column__content stk-container stk-c519d67-container stk--no-background stk--no-padding\"><div class=\"stk-block-content stk-inner-blocks stk-c519d67-inner-blocks\">\n<p>Von Anfang an wollte ich etwas anderes schaffen, etwas Ausgefeilteres, wirklich gut ausgestattetes, wo man sich sofort wie zu Hause f\u00fchlt und nicht wie in einer unpers\u00f6nlichen Mietwohnung, wie man sie so oft findet. Nach einigen Hin- und R\u00fcckfahrten aus Frankreich, darunter zwei mit einem 20 m\u00b3 gro\u00dfen Transporter voller M\u00f6bel, die ich auf Flohm\u00e4rkten gefunden hatte, war die erste Wohnung fertig und sofort ein Erfolg, sowohl auf Airbnb als auch auf Booking.<\/p>\n\n\n\n<p>Die Bewertungen der Mieter sprechen f\u00fcr sich. Deshalb habe ich nicht gez\u00f6gert, zwei Jahre sp\u00e4ter in eine zweite Wohnung mit einer ebenso sch\u00f6nen Terrasse im selben Geb\u00e4ude am Strand zu investieren.<\/p>\n\n\n\n<p>Airbnb und Booking sind hervorragende Sprungbretter f\u00fcr m\u00f6blierte Vermietungen. Leider sind diese Dienste sowohl f\u00fcr dich als Mieter als auch f\u00fcr mich als Eigent\u00fcmer sehr teuer.<\/p>\n\n\n\n<p>Deshalb habe ich nicht gez\u00f6gert, diese Website zu erstellen, auf der ich attraktivere Preise anbieten kann, sodass jeder etwas Passendes findet. Und ich freue mich \u00fcber eine wachsende Zahl treuer Mieter, die Jahr f\u00fcr Jahr in \u201eihre Wohnung\u201c zur\u00fcckkehren und nicht im Traum daran denken w\u00fcrden, \u00fcber Booking oder Airbnb zu buchen!<\/p>\n\n\n\n<p>Vor Ort werden Sie von Betty empfangen, die nach der Reinigung und Vorbereitung der Wohnung Sie willkommen hei\u00dft, Ihnen die Schl\u00fcssel \u00fcbergibt und Ihnen die Wohnung im Detail zeigt. Betty ist immer gut gelaunt und hat ein L\u00e4cheln auf den Lippen. Und sie ist unglaublich effizient, wenn es darum geht, gro\u00dfe oder kleine Probleme zu l\u00f6sen. Ohne sie w\u00e4re es wahrscheinlich unm\u00f6glich, zwei Wohnungen von Frankreich aus zu mieten und sich dabei keine Sorgen machen zu m\u00fcssen&#8230;<\/p>\n\n\n\n<div class=\"wp-block-stackable-image stk-block-image stk-block stk-f8401e4\" data-block-id=\"f8401e4\"><style>.stk-f8401e4 .stk-img-wrapper{width:250px !important;}<\/style><figure><span class=\"stk-img-wrapper stk-image--shape-stretch\"><img decoding=\"async\" class=\"stk-img wp-image-3145\" src=\"https:\/\/vamosalaplaya.xyz\/wp-content\/uploads\/Betty.jpg\" width=\"717\" height=\"1024\" alt=\"Nicolas Carboneras\" srcset=\"https:\/\/vamosalaplaya.xyz\/wp-content\/uploads\/Betty.jpg 717w, https:\/\/vamosalaplaya.xyz\/wp-content\/uploads\/Betty-210x300.jpg 210w\" sizes=\"(max-width: 717px) 100vw, 717px\" \/><\/span><\/figure><\/div>\n<\/div><\/div><\/div>\n<\/div><\/div>\n","protected":false},"excerpt":{"rendered":"<p>Hola, Mein Name ist Nicolas, ich bin Franzose und lebe in Lyon, wo ich seit \u00fcber drei\u00dfig Jahren als Osteopath t\u00e4tig bin. Weitere Informationen \u00fcber mich finden Sie unter medecin-osteo.fr. Ich kenne die gesamte Region Cabo de Gata seit 1965, da ich das Gl\u00fcck hatte, dort viele Sommer mit meinen Eltern zu verbringen, die sich &#8230; <a title=\"\u00dcber uns\" class=\"read-more\" href=\"https:\/\/vamosalaplaya.xyz\/de\/uber-uns\/\" aria-label=\"Mehr Informationen \u00fcber \u00dcber uns\">Weiterlesen &#8230;<\/a><\/p>\n","protected":false},"author":1,"featured_media":0,"parent":0,"menu_order":0,"comment_status":"closed","ping_status":"closed","template":"","meta":{"_seopress_robots_primary_cat":"","_seopress_titles_title":"\u00dcber uns vamosalaplaya.xyz","_seopress_titles_desc":"Entdecken Sie, wer die Gastgeber von Vamosalaplaya sind.","_seopress_robots_index":"","footnotes":""},"class_list":["post-4549","page","type-page","status-publish"],"_links":{"self":[{"href":"https:\/\/vamosalaplaya.xyz\/de\/wp-json\/wp\/v2\/pages\/4549","targetHints":{"allow":["GET"]}}],"collection":[{"href":"https:\/\/vamosalaplaya.xyz\/de\/wp-json\/wp\/v2\/pages"}],"about":[{"href":"https:\/\/vamosalaplaya.xyz\/de\/wp-json\/wp\/v2\/types\/page"}],"author":[{"embeddable":true,"href":"https:\/\/vamosalaplaya.xyz\/de\/wp-json\/wp\/v2\/users\/1"}],"replies":[{"embeddable":true,"href":"https:\/\/vamosalaplaya.xyz\/de\/wp-json\/wp\/v2\/comments?post=4549"}],"version-history":[{"count":1,"href":"https:\/\/vamosalaplaya.xyz\/de\/wp-json\/wp\/v2\/pages\/4549\/revisions"}],"predecessor-version":[{"id":4555,"href":"https:\/\/vamosalaplaya.xyz\/de\/wp-json\/wp\/v2\/pages\/4549\/revisions\/4555"}],"wp:attachment":[{"href":"https:\/\/vamosalaplaya.xyz\/de\/wp-json\/wp\/v2\/media?parent=4549"}],"curies":[{"name":"wp","href":"https:\/\/api.w.org\/{rel}","templated":true}]}}